{"id":223823,"date":"2024-02-26T08:59:43","date_gmt":"2024-02-26T08:59:43","guid":{"rendered":"https:\/\/saln.mr\/?page_id=223823"},"modified":"2025-07-03T13:28:29","modified_gmt":"2025-07-03T13:28:29","slug":"qui-sommes-nous","status":"publish","type":"page","link":"https:\/\/saln.mr\/index.php\/qui-sommes-nous\/","title":{"rendered":"Qui sommes nous ?"},"content":{"rendered":"<p>[et_pb_section fb_built=\u00a0\u00bb1&Prime; admin_label=\u00a0\u00bbAbout\u00a0\u00bb _builder_version=\u00a0\u00bb4.23.1&Prime; transform_translate=\u00a0\u00bb-8px|-24px\u00a0\u00bb custom_margin=\u00a0\u00bb-103px|||||\u00a0\u00bb custom_padding=\u00a0\u00bb78px||0px||false|false\u00a0\u00bb top_divider_color=\u00a0\u00bb#1c59a3&Prime; box_shadow_style=\u00a0\u00bbpreset1&Prime; global_colors_info=\u00a0\u00bb{}\u00a0\u00bb][et_pb_row _builder_version=\u00a0\u00bb4.23.1&Prime; global_colors_info=\u00a0\u00bb{}\u00a0\u00bb][et_pb_column type=\u00a0\u00bb4_4&Prime; _builder_version=\u00a0\u00bb4.16&Prime; custom_padding=\u00a0\u00bb|||\u00a0\u00bb global_colors_info=\u00a0\u00bb{}\u00a0\u00bb custom_padding__hover=\u00a0\u00bb|||\u00a0\u00bb][dsm_text_divider header=\u00a0\u00bbQui sommes nous ?\u00a0\u00bb color=\u00a0\u00bb#368e0e\u00a0\u00bb divider_style=\u00a0\u00bbdashed\u00a0\u00bb divider_position=\u00a0\u00bbflex-end\u00a0\u00bb _builder_version=\u00a0\u00bb4.23.1&Prime; _module_preset=\u00a0\u00bbdefault\u00a0\u00bb header_level=\u00a0\u00bbh1&Prime; header_font=\u00a0\u00bbActor||||||||\u00a0\u00bb header_text_color=\u00a0\u00bb#368e0e\u00a0\u00bb custom_padding=\u00a0\u00bb30px|||||\u00a0\u00bb animation_style=\u00a0\u00bbslide\u00a0\u00bb global_colors_info=\u00a0\u00bb{}\u00a0\u00bb][\/dsm_text_divider][et_pb_text _builder_version=\u00a0\u00bb4.23.1&Prime; text_font=\u00a0\u00bbOpen Sans||||||||\u00a0\u00bb text_line_height=\u00a0\u00bb2em\u00a0\u00bb header_font=\u00a0\u00bb||||||||\u00a0\u00bb header_2_font=\u00a0\u00bbGilda Display||||||||\u00a0\u00bb header_2_font_size=\u00a0\u00bb60px\u00a0\u00bb header_2_line_height=\u00a0\u00bb1.2em\u00a0\u00bb transform_scale_tablet=\u00a0\u00bb\u00a0\u00bb transform_scale_phone=\u00a0\u00bb\u00a0\u00bb transform_scale_last_edited=\u00a0\u00bbon|phone\u00a0\u00bb transform_translate=\u00a0\u00bb267px|28px\u00a0\u00bb transform_translate_tablet=\u00a0\u00bb267px|28px\u00a0\u00bb transform_translate_phone=\u00a0\u00bb8px|14px\u00a0\u00bb transform_translate_last_edited=\u00a0\u00bbon|phone\u00a0\u00bb transform_rotate_tablet=\u00a0\u00bb\u00a0\u00bb transform_rotate_phone=\u00a0\u00bb\u00a0\u00bb transform_rotate_last_edited=\u00a0\u00bbon|phone\u00a0\u00bb transform_skew_tablet=\u00a0\u00bb\u00a0\u00bb transform_skew_phone=\u00a0\u00bb\u00a0\u00bb transform_skew_last_edited=\u00a0\u00bbon|phone\u00a0\u00bb transform_origin_tablet=\u00a0\u00bb\u00a0\u00bb transform_origin_phone=\u00a0\u00bb\u00a0\u00bb transform_origin_last_edited=\u00a0\u00bbon|phone\u00a0\u00bb transform_styles_last_edited=\u00a0\u00bbon|phone\u00a0\u00bb max_width=\u00a0\u00bb550px\u00a0\u00bb header_2_font_size_tablet=\u00a0\u00bb40px\u00a0\u00bb header_2_font_size_phone=\u00a0\u00bb30px\u00a0\u00bb header_2_font_size_last_edited=\u00a0\u00bbon|phone\u00a0\u00bb transform_styles_tablet=\u00a0\u00bb\u00a0\u00bb transform_styles_phone=\u00a0\u00bb\u00a0\u00bb locked=\u00a0\u00bboff\u00a0\u00bb inline_fonts=\u00a0\u00bbAlata,Actor\u00a0\u00bb global_colors_info=\u00a0\u00bb{}\u00a0\u00bb]<\/p>\n<h3 style=\"text-align: center;\"><span style=\"color: #ffd500; font-family: Actor; font-weight: normal; font-size: x-large;\">SALN S.A.<\/span><\/h3>\n<p style=\"text-align: justify;\"><span style=\"color: #0a0002;\">Le programme est d\u00e9velopp\u00e9 et sera exploit\u00e9 par la Soci\u00e9t\u00e9 d\u2019Am\u00e9nagement du Littoral de Nouakchott, soci\u00e9t\u00e9 anonyme de droit mauritanien cr\u00e9\u00e9e en ao\u00fbt 2023 dans laquelle le fonds The Urban Resilience Fund, g\u00e9r\u00e9 par Meridiam en partenariat avec la fondation Rockefeller et le Fonds d\u2019Equipement des Nations Unis (UNCDF), investit \u00e0 parts \u00e9gales aux c\u00f4t\u00e9s de la R\u00e9publique Islamique de Mauritanie. \u00a0\u00a0<\/span><\/p>\n<p style=\"text-align: justify;\"><span style=\"color: #0a0002;\">\u00a0<\/span><\/p>\n<p style=\"text-align: justify;\"><span style=\"color: #0a0002;\"><\/span><\/p>\n<p style=\"text-align: justify;\"><span style=\"color: #0a0002;\"><\/span><\/p>\n<p style=\"text-align: justify;\"><span style=\"color: #0a0002;\"><\/span><\/p>\n<p style=\"text-align: justify;\"><span style=\"color: #0a0002;\"><\/span><\/p>\n<p style=\"text-align: justify;\"><span style=\"color: #0a0002;\"><\/span><\/p>\n<p style=\"text-align: justify;\"><span style=\"color: #0a0002;\"><\/span><\/p>\n<p style=\"text-align: center;\"><span style=\"color: #0a0002;\"><strong>Nos actionnaires:<\/strong><\/span><\/p>\n<p style=\"text-align: justify;\"><span style=\"color: #0a0002;\"><strong>R\u00e9publique Islamique de Mauritanie.<\/strong> Le Projet s\u2019inscrit dans les priorit\u00e9s strat\u00e9giques du Gouvernement pour contribuer \u00e0 l&rsquo;am\u00e9lioration du cadre de vie des habitants de Nouakchott et de ses environs, de renforcer le d\u00e9veloppement \u00e9conomique et social de la r\u00e9gion et de faire face aux d\u00e9fis \u00e0 venir, notamment dans un contexte de changement climatique. Il impl\u00e9mentera plusieurs des orientations du Sch\u00e9ma Directeur d\u2019Am\u00e9nagement Urbain de la Ville de Nouakchott (SDAU).<\/span><\/p>\n<p style=\"text-align: justify;\"><em style=\"color: #0a0002; font-size: 14px;\">Lien\u00a0: <a href=\"https:\/\/armp.mr\/\">https:\/\/armp.mr\/<\/a>\u00a0<\/em><\/p>\n<p style=\"text-align: justify;\"><em><\/em><\/p>\n<p style=\"text-align: justify;\"><em><\/em><\/p>\n<p style=\"text-align: justify;\"><span style=\"color: #0a0002;\"><strong>The Urban Resilience Fund (TURF).<\/strong> Fonds de r\u00e9silience urbaine g\u00e9r\u00e9 par la soci\u00e9t\u00e9 <strong>Meridiam<\/strong>, qui accompagne le d\u00e9veloppement de projets urbains r\u00e9silients et durables, au service des villes et de leurs populations confront\u00e9es aux enjeux du r\u00e9chauffement climatique et d\u2019une urbanisation croissante. Meridiam est une soci\u00e9t\u00e9 \u00e0 mission (B Corp) fond\u00e9e en 2005, sp\u00e9cialis\u00e9e dans le d\u00e9veloppement, le financement et la gestion \u00e0 long terme d&rsquo;infrastructures publiques durables.<\/span><\/p>\n<p style=\"text-align: justify;\"><em><span style=\"color: #0a0002;\">Pour en savoir plus sur Meridiam et TURF\u00a0:<\/span> <a href=\"https:\/\/www.meridiam.com\/\">https:\/\/www.meridiam.com\/<\/a> \u00a0\u00a0\u00a0<\/em><\/p>\n<p><span style=\"color: #000000;\">\u00a0<\/span><\/p>\n<p>[\/et_pb_text][\/et_pb_column][\/et_pb_row][\/et_pb_section][et_pb_section fb_built=\u00a0\u00bb1&Prime; admin_label=\u00a0\u00bbActivities\u00a0\u00bb _builder_version=\u00a0\u00bb4.23.1&Prime; background_image=\u00a0\u00bbhttps:\/\/saln.mr\/wp-content\/uploads\/2024\/02\/Image3.jpg\u00a0\u00bb custom_margin=\u00a0\u00bb-27px|||||\u00a0\u00bb custom_padding=\u00a0\u00bb||0px|||\u00a0\u00bb locked=\u00a0\u00bboff\u00a0\u00bb global_colors_info=\u00a0\u00bb{}\u00a0\u00bb][et_pb_row _builder_version=\u00a0\u00bb4.23.1&Prime; background_color=\u00a0\u00bb#FFFFFF\u00a0\u00bb box_shadow_style=\u00a0\u00bbpreset1&Prime; global_colors_info=\u00a0\u00bb{}\u00a0\u00bb][et_pb_column type=\u00a0\u00bb4_4&Prime; _builder_version=\u00a0\u00bb4.16&Prime; custom_padding=\u00a0\u00bb100px|||\u00a0\u00bb global_colors_info=\u00a0\u00bb{}\u00a0\u00bb custom_padding__hover=\u00a0\u00bb|||\u00a0\u00bb][dsm_text_divider header=\u00a0\u00bbNotre vision\u00a0\u00bb color=\u00a0\u00bb#368e0e\u00a0\u00bb divider_style=\u00a0\u00bbdashed\u00a0\u00bb divider_position=\u00a0\u00bbflex-end\u00a0\u00bb _builder_version=\u00a0\u00bb4.23.1&Prime; _module_preset=\u00a0\u00bbdefault\u00a0\u00bb header_level=\u00a0\u00bbh1&Prime; header_font=\u00a0\u00bbActor||||||||\u00a0\u00bb header_text_color=\u00a0\u00bb#368e0e\u00a0\u00bb custom_padding=\u00a0\u00bb30px|||||\u00a0\u00bb animation_style=\u00a0\u00bbslide\u00a0\u00bb global_colors_info=\u00a0\u00bb{}\u00a0\u00bb][\/dsm_text_divider][et_pb_text _builder_version=\u00a0\u00bb4.23.1&Prime; text_font=\u00a0\u00bbOpen Sans||||||||\u00a0\u00bb text_line_height=\u00a0\u00bb2em\u00a0\u00bb header_font=\u00a0\u00bb||||||||\u00a0\u00bb header_2_font=\u00a0\u00bbGilda Display||||||||\u00a0\u00bb header_2_font_size=\u00a0\u00bb60px\u00a0\u00bb header_2_line_height=\u00a0\u00bb1.2em\u00a0\u00bb transform_scale_tablet=\u00a0\u00bb\u00a0\u00bb transform_scale_phone=\u00a0\u00bb\u00a0\u00bb transform_scale_last_edited=\u00a0\u00bbon|phone\u00a0\u00bb transform_translate=\u00a0\u00bb273px|10px\u00a0\u00bb transform_translate_tablet=\u00a0\u00bb273px|10px\u00a0\u00bb transform_translate_phone=\u00a0\u00bb-12px|6px\u00a0\u00bb transform_translate_last_edited=\u00a0\u00bbon|phone\u00a0\u00bb transform_rotate_tablet=\u00a0\u00bb\u00a0\u00bb transform_rotate_phone=\u00a0\u00bb\u00a0\u00bb transform_rotate_last_edited=\u00a0\u00bbon|phone\u00a0\u00bb transform_skew_tablet=\u00a0\u00bb\u00a0\u00bb transform_skew_phone=\u00a0\u00bb\u00a0\u00bb transform_skew_last_edited=\u00a0\u00bbon|phone\u00a0\u00bb transform_origin_tablet=\u00a0\u00bb\u00a0\u00bb transform_origin_phone=\u00a0\u00bb\u00a0\u00bb transform_origin_last_edited=\u00a0\u00bbon|phone\u00a0\u00bb transform_styles_last_edited=\u00a0\u00bbon|phone\u00a0\u00bb max_width=\u00a0\u00bb550px\u00a0\u00bb custom_padding=\u00a0\u00bb|||31px||\u00a0\u00bb header_2_font_size_tablet=\u00a0\u00bb40px\u00a0\u00bb header_2_font_size_phone=\u00a0\u00bb30px\u00a0\u00bb header_2_font_size_last_edited=\u00a0\u00bbon|phone\u00a0\u00bb transform_styles_tablet=\u00a0\u00bb\u00a0\u00bb transform_styles_phone=\u00a0\u00bb\u00a0\u00bb locked=\u00a0\u00bboff\u00a0\u00bb global_colors_info=\u00a0\u00bb{}\u00a0\u00bb]<\/p>\n<h2><\/h2>\n<p style=\"text-align: justify;\"><span style=\"font-weight: 400; color: #0a0002;\">Le Projet d\u00e9ploiera un programme d\u2019am\u00e9nagements et d\u2019infrastructures qui permettront de prot\u00e9ger la ville de Nouakchott contre les risques de submersion et d\u2019\u00e9rosion, il contribuera \u00e0 des solutions pour les zones basses inondables, et renforcera l\u2019attractivit\u00e9 du littoral pour l\u2019ensemble de la population\u00a0?\u00a0<\/span><\/p>\n<p style=\"text-align: justify;\"><span style=\"font-weight: 400; color: #0a0002;\">Le Projet a \u00e9t\u00e9 con\u00e7u et sera mis en \u0153uvre pour r\u00e9pondre aux orientations strat\u00e9giques des autorit\u00e9s publiques en mati\u00e8re de d\u00e9veloppement socio-\u00e9conomique, de pr\u00e9servation du littoral et d\u2019am\u00e9nagement urbain. Il innove notamment par la mobilisation de solutions naturelles de protection du littoral et en adossant le financement de l\u2019adaptation climatique \u00e0 la valeur \u00e9conomique cr\u00e9\u00e9e ou pr\u00e9serv\u00e9e par le projet. Les am\u00e9nagements propos\u00e9s tiendront compte des besoins des populations les plus fragiles, contribueront \u00e0 pr\u00e9server les activit\u00e9s existantes, et permettront le d\u00e9veloppement de nouvelles opportunit\u00e9s \u00e9conomiques cr\u00e9atrices d\u2019emplois. Le Projet est con\u00e7u pour \u00eatre r\u00e9silient aux impacts du changement climatique ou d\u2019autres facteurs externes, en recourant autant que possible \u00e0 des solutions respectueuses de l\u2019environnement et viables sur le long terme.<\/span><\/p>\n<p>[\/et_pb_text][\/et_pb_column][\/et_pb_row][\/et_pb_section][et_pb_section fb_built=\u00a0\u00bb1&Prime; specialty=\u00a0\u00bbon\u00a0\u00bb padding_right_2=\u00a0\u00bb10%\u00a0\u00bb padding_2_tablet=\u00a0\u00bb|10%||10%||true\u00a0\u00bb padding_2_phone=\u00a0\u00bb\u00a0\u00bb padding_2_last_edited=\u00a0\u00bbon|tablet\u00a0\u00bb admin_label=\u00a0\u00bbFooter\u00a0\u00bb _builder_version=\u00a0\u00bb4.23.1&Prime; _module_preset=\u00a0\u00bbdefault\u00a0\u00bb background_color=\u00a0\u00bbrgba(45,45,45,0.57)\u00a0\u00bb background_image=\u00a0\u00bbhttps:\/\/saln.mr\/wp-content\/uploads\/2024\/02\/IMG_1651-scaled-1.jpg\u00a0\u00bb inner_width=\u00a0\u00bb100%\u00a0\u00bb inner_max_width=\u00a0\u00bb100%\u00a0\u00bb custom_margin=\u00a0\u00bb0px|||\u00a0\u00bb custom_padding=\u00a0\u00bb0px|0px|0px|0px|false|false\u00a0\u00bb use_custom_width=\u00a0\u00bbon\u00a0\u00bb width_unit=\u00a0\u00bboff\u00a0\u00bb custom_width_percent=\u00a0\u00bb100%\u00a0\u00bb saved_tabs=\u00a0\u00bball\u00a0\u00bb global_colors_info=\u00a0\u00bb{}\u00a0\u00bb][et_pb_column type=\u00a0\u00bb1_2&Prime; specialty_columns=\u00a0\u00bb2&Prime; _builder_version=\u00a0\u00bb4.16&Prime; _module_preset=\u00a0\u00bbdefault\u00a0\u00bb custom_padding=\u00a0\u00bb|||\u00a0\u00bb global_colors_info=\u00a0\u00bb{}\u00a0\u00bb custom_padding__hover=\u00a0\u00bb|||\u00a0\u00bb][et_pb_row_inner column_structure=\u00a0\u00bb1_2,1_2&Prime; custom_padding_last_edited=\u00a0\u00bbon|tablet\u00a0\u00bb _builder_version=\u00a0\u00bb4.23.1&Prime; _module_preset=\u00a0\u00bbdefault\u00a0\u00bb background_color=\u00a0\u00bbrgba(28,89,163,0.48)\u00a0\u00bb transform_translate=\u00a0\u00bb16px|102px\u00a0\u00bb custom_margin=\u00a0\u00bb-3px||-32px|||\u00a0\u00bb custom_padding=\u00a0\u00bb0px|10%|0px|20%|true|false\u00a0\u00bb custom_padding_tablet=\u00a0\u00bb|10%||10%||true\u00a0\u00bb custom_padding_phone=\u00a0\u00bb\u00a0\u00bb animation_direction=\u00a0\u00bbleft\u00a0\u00bb global_colors_info=\u00a0\u00bb{}\u00a0\u00bb][et_pb_column_inner type=\u00a0\u00bb1_2&Prime; saved_specialty_column_type=\u00a0\u00bb1_2&Prime; _builder_version=\u00a0\u00bb4.16&Prime; _module_preset=\u00a0\u00bbdefault\u00a0\u00bb custom_padding=\u00a0\u00bb|||\u00a0\u00bb global_colors_info=\u00a0\u00bb{}\u00a0\u00bb custom_padding__hover=\u00a0\u00bb|||\u00a0\u00bb][et_pb_code _builder_version=\u00a0\u00bb4.16&Prime; _module_preset=\u00a0\u00bbdefault\u00a0\u00bb global_colors_info=\u00a0\u00bb{}\u00a0\u00bb][\/et_pb_code][\/et_pb_column_inner][et_pb_column_inner type=\u00a0\u00bb1_2&Prime; saved_specialty_column_type=\u00a0\u00bb1_2&Prime; _builder_version=\u00a0\u00bb4.16&Prime; _module_preset=\u00a0\u00bbdefault\u00a0\u00bb custom_padding=\u00a0\u00bb|||\u00a0\u00bb global_colors_info=\u00a0\u00bb{}\u00a0\u00bb custom_padding__hover=\u00a0\u00bb|||\u00a0\u00bb][et_pb_text _builder_version=\u00a0\u00bb4.23.1&Prime; _module_preset=\u00a0\u00bbdefault\u00a0\u00bb text_font=\u00a0\u00bb|700|||||||\u00a0\u00bb text_text_color=\u00a0\u00bb#ffffff\u00a0\u00bb text_line_height=\u00a0\u00bb2em\u00a0\u00bb link_font=\u00a0\u00bb||||||||\u00a0\u00bb link_text_color=\u00a0\u00bb#ffffff\u00a0\u00bb header_font=\u00a0\u00bb||||||||\u00a0\u00bb header_5_font=\u00a0\u00bbOswald|||on|||||\u00a0\u00bb header_5_text_color=\u00a0\u00bbrgba(255,255,255,0.4)\u00a0\u00bb header_5_letter_spacing=\u00a0\u00bb2px\u00a0\u00bb header_5_line_height=\u00a0\u00bb1.4em\u00a0\u00bb background_layout=\u00a0\u00bbdark\u00a0\u00bb locked=\u00a0\u00bboff\u00a0\u00bb global_colors_info=\u00a0\u00bb{}\u00a0\u00bb]<\/p>\n<h5>Notre bureau<\/h5>\n<h4><\/h4>\n<h4>136 Il\u00f4t K, Tevragh Zeina<br \/>Nouakchott, Mauritanie<\/h4>\n<h4><\/h4>\n<p>[\/et_pb_text][\/et_pb_column_inner][\/et_pb_row_inner][\/et_pb_column][et_pb_column type=\u00a0\u00bb1_2&Prime; _builder_version=\u00a0\u00bb4.16&Prime; _module_preset=\u00a0\u00bbdefault\u00a0\u00bb custom_padding=\u00a0\u00bb|||\u00a0\u00bb global_colors_info=\u00a0\u00bb{}\u00a0\u00bb padding_tablet=\u00a0\u00bb|10%||10%||true\u00a0\u00bb padding_last_edited=\u00a0\u00bbon|tablet\u00a0\u00bb custom_padding__hover=\u00a0\u00bb|||\u00a0\u00bb padding_phone=\u00a0\u00bb|10%||10%||true\u00a0\u00bb][et_pb_contact_form captcha=\u00a0\u00bboff\u00a0\u00bb email=\u00a0\u00bbinfo@saln.mr\u00a0\u00bb title=\u00a0\u00bbEnvoyez-nous un email\u00a0\u00bb success_message=\u00a0\u00bbvotre mail a bien \u00e9t\u00e9 envoy\u00e9. Merci!\u00a0\u00bb submit_button_text=\u00a0\u00bbEnvoyer\u00a0\u00bb module_id=\u00a0\u00bbet_pb_contact_form_1&Prime; module_class=\u00a0\u00bbcontact-message-style\u00a0\u00bb _builder_version=\u00a0\u00bb4.23.1&Prime; _module_preset=\u00a0\u00bbdefault\u00a0\u00bb form_field_background_color=\u00a0\u00bbrgba(255,255,255,0.12)\u00a0\u00bb form_field_text_color=\u00a0\u00bb#FFFFFF\u00a0\u00bb form_field_focus_background_color=\u00a0\u00bb#0C71C3&Prime; form_field_focus_text_color=\u00a0\u00bb#FFFFFF\u00a0\u00bb title_level=\u00a0\u00bbh2&Prime; title_font=\u00a0\u00bbOswald|500|||||||\u00a0\u00bb title_text_color=\u00a0\u00bb#FFFFFF\u00a0\u00bb title_font_size=\u00a0\u00bb46px\u00a0\u00bb title_line_height=\u00a0\u00bb1.4em\u00a0\u00bb form_field_font=\u00a0\u00bb||||||||\u00a0\u00bb form_field_font_size=\u00a0\u00bb15px\u00a0\u00bb form_field_line_height=\u00a0\u00bb1.9em\u00a0\u00bb custom_button=\u00a0\u00bbon\u00a0\u00bb button_text_size=\u00a0\u00bb16px\u00a0\u00bb button_text_color=\u00a0\u00bb#ffffff\u00a0\u00bb button_bg_color=\u00a0\u00bb#FFD500&Prime; button_border_width=\u00a0\u00bb8px\u00a0\u00bb button_border_color=\u00a0\u00bbrgba(0,0,0,0)\u00a0\u00bb button_border_radius=\u00a0\u00bb0px\u00a0\u00bb button_letter_spacing=\u00a0\u00bb3px\u00a0\u00bb button_font=\u00a0\u00bbMontserrat|||on|||||\u00a0\u00bb button_use_icon=\u00a0\u00bboff\u00a0\u00bb transform_scale=\u00a0\u00bb82%|82%\u00a0\u00bb transform_scale_tablet=\u00a0\u00bb82%|82%\u00a0\u00bb transform_scale_phone=\u00a0\u00bb68%|68%\u00a0\u00bb transform_scale_last_edited=\u00a0\u00bbon|phone\u00a0\u00bb transform_translate_tablet=\u00a0\u00bb\u00a0\u00bb transform_translate_phone=\u00a0\u00bb3px|74px\u00a0\u00bb transform_translate_last_edited=\u00a0\u00bbon|phone\u00a0\u00bb transform_rotate_tablet=\u00a0\u00bb\u00a0\u00bb transform_rotate_phone=\u00a0\u00bb\u00a0\u00bb transform_rotate_last_edited=\u00a0\u00bbon|phone\u00a0\u00bb transform_skew_tablet=\u00a0\u00bb\u00a0\u00bb transform_skew_phone=\u00a0\u00bb\u00a0\u00bb transform_skew_last_edited=\u00a0\u00bbon|phone\u00a0\u00bb transform_origin_tablet=\u00a0\u00bb\u00a0\u00bb transform_origin_phone=\u00a0\u00bb\u00a0\u00bb transform_origin_last_edited=\u00a0\u00bbon|phone\u00a0\u00bb transform_styles_last_edited=\u00a0\u00bbon|phone\u00a0\u00bb custom_margin=\u00a0\u00bb-12px||-54px|||\u00a0\u00bb custom_padding=\u00a0\u00bb0px|||||\u00a0\u00bb title_font_size_tablet=\u00a0\u00bb46px\u00a0\u00bb title_font_size_phone=\u00a0\u00bb36px\u00a0\u00bb title_font_size_last_edited=\u00a0\u00bbon|phone\u00a0\u00bb transform_styles_tablet=\u00a0\u00bb\u00a0\u00bb transform_styles_phone=\u00a0\u00bb\u00a0\u00bb form_background_color=\u00a0\u00bbrgba(255,255,255,0.12)\u00a0\u00bb global_colors_info=\u00a0\u00bb{}\u00a0\u00bb][et_pb_contact_field field_id=\u00a0\u00bbName\u00a0\u00bb field_title=\u00a0\u00bbNom\u00a0\u00bb _builder_version=\u00a0\u00bb4.16&Prime; _module_preset=\u00a0\u00bbdefault\u00a0\u00bb global_colors_info=\u00a0\u00bb{}\u00a0\u00bb button_text_size__hover_enabled=\u00a0\u00bboff\u00a0\u00bb button_one_text_size__hover_enabled=\u00a0\u00bboff\u00a0\u00bb button_two_text_size__hover_enabled=\u00a0\u00bboff\u00a0\u00bb button_text_color__hover_enabled=\u00a0\u00bboff\u00a0\u00bb button_one_text_color__hover_enabled=\u00a0\u00bboff\u00a0\u00bb button_two_text_color__hover_enabled=\u00a0\u00bboff\u00a0\u00bb button_border_width__hover_enabled=\u00a0\u00bboff\u00a0\u00bb button_one_border_width__hover_enabled=\u00a0\u00bboff\u00a0\u00bb button_two_border_width__hover_enabled=\u00a0\u00bboff\u00a0\u00bb button_border_color__hover_enabled=\u00a0\u00bboff\u00a0\u00bb button_one_border_color__hover_enabled=\u00a0\u00bboff\u00a0\u00bb button_two_border_color__hover_enabled=\u00a0\u00bboff\u00a0\u00bb button_border_radius__hover_enabled=\u00a0\u00bboff\u00a0\u00bb button_one_border_radius__hover_enabled=\u00a0\u00bboff\u00a0\u00bb button_two_border_radius__hover_enabled=\u00a0\u00bboff\u00a0\u00bb button_letter_spacing__hover_enabled=\u00a0\u00bboff\u00a0\u00bb button_one_letter_spacing__hover_enabled=\u00a0\u00bboff\u00a0\u00bb button_two_letter_spacing__hover_enabled=\u00a0\u00bboff\u00a0\u00bb button_bg_color__hover_enabled=\u00a0\u00bboff\u00a0\u00bb button_one_bg_color__hover_enabled=\u00a0\u00bboff\u00a0\u00bb button_two_bg_color__hover_enabled=\u00a0\u00bboff\u00a0\u00bb][\/et_pb_contact_field][et_pb_contact_field field_id=\u00a0\u00bbEmail\u00a0\u00bb field_title=\u00a0\u00bbAdresse mail\u00a0\u00bb field_type=\u00a0\u00bbemail\u00a0\u00bb _builder_version=\u00a0\u00bb4.16&Prime; _module_preset=\u00a0\u00bbdefault\u00a0\u00bb global_colors_info=\u00a0\u00bb{}\u00a0\u00bb button_text_size__hover_enabled=\u00a0\u00bboff\u00a0\u00bb button_one_text_size__hover_enabled=\u00a0\u00bboff\u00a0\u00bb button_two_text_size__hover_enabled=\u00a0\u00bboff\u00a0\u00bb button_text_color__hover_enabled=\u00a0\u00bboff\u00a0\u00bb button_one_text_color__hover_enabled=\u00a0\u00bboff\u00a0\u00bb button_two_text_color__hover_enabled=\u00a0\u00bboff\u00a0\u00bb button_border_width__hover_enabled=\u00a0\u00bboff\u00a0\u00bb button_one_border_width__hover_enabled=\u00a0\u00bboff\u00a0\u00bb button_two_border_width__hover_enabled=\u00a0\u00bboff\u00a0\u00bb button_border_color__hover_enabled=\u00a0\u00bboff\u00a0\u00bb button_one_border_color__hover_enabled=\u00a0\u00bboff\u00a0\u00bb button_two_border_color__hover_enabled=\u00a0\u00bboff\u00a0\u00bb button_border_radius__hover_enabled=\u00a0\u00bboff\u00a0\u00bb button_one_border_radius__hover_enabled=\u00a0\u00bboff\u00a0\u00bb button_two_border_radius__hover_enabled=\u00a0\u00bboff\u00a0\u00bb button_letter_spacing__hover_enabled=\u00a0\u00bboff\u00a0\u00bb button_one_letter_spacing__hover_enabled=\u00a0\u00bboff\u00a0\u00bb button_two_letter_spacing__hover_enabled=\u00a0\u00bboff\u00a0\u00bb button_bg_color__hover_enabled=\u00a0\u00bboff\u00a0\u00bb button_one_bg_color__hover_enabled=\u00a0\u00bboff\u00a0\u00bb button_two_bg_color__hover_enabled=\u00a0\u00bboff\u00a0\u00bb][\/et_pb_contact_field][et_pb_contact_field field_id=\u00a0\u00bbMessage\u00a0\u00bb field_title=\u00a0\u00bbVotre message\u00a0\u00bb field_type=\u00a0\u00bbtext\u00a0\u00bb fullwidth_field=\u00a0\u00bbon\u00a0\u00bb _builder_version=\u00a0\u00bb4.16&Prime; _module_preset=\u00a0\u00bbdefault\u00a0\u00bb global_colors_info=\u00a0\u00bb{}\u00a0\u00bb button_text_size__hover_enabled=\u00a0\u00bboff\u00a0\u00bb button_one_text_size__hover_enabled=\u00a0\u00bboff\u00a0\u00bb button_two_text_size__hover_enabled=\u00a0\u00bboff\u00a0\u00bb button_text_color__hover_enabled=\u00a0\u00bboff\u00a0\u00bb button_one_text_color__hover_enabled=\u00a0\u00bboff\u00a0\u00bb button_two_text_color__hover_enabled=\u00a0\u00bboff\u00a0\u00bb button_border_width__hover_enabled=\u00a0\u00bboff\u00a0\u00bb button_one_border_width__hover_enabled=\u00a0\u00bboff\u00a0\u00bb button_two_border_width__hover_enabled=\u00a0\u00bboff\u00a0\u00bb button_border_color__hover_enabled=\u00a0\u00bboff\u00a0\u00bb button_one_border_color__hover_enabled=\u00a0\u00bboff\u00a0\u00bb button_two_border_color__hover_enabled=\u00a0\u00bboff\u00a0\u00bb button_border_radius__hover_enabled=\u00a0\u00bboff\u00a0\u00bb button_one_border_radius__hover_enabled=\u00a0\u00bboff\u00a0\u00bb button_two_border_radius__hover_enabled=\u00a0\u00bboff\u00a0\u00bb button_letter_spacing__hover_enabled=\u00a0\u00bboff\u00a0\u00bb button_one_letter_spacing__hover_enabled=\u00a0\u00bboff\u00a0\u00bb button_two_letter_spacing__hover_enabled=\u00a0\u00bboff\u00a0\u00bb button_bg_color__hover_enabled=\u00a0\u00bboff\u00a0\u00bb button_one_bg_color__hover_enabled=\u00a0\u00bboff\u00a0\u00bb button_two_bg_color__hover_enabled=\u00a0\u00bboff\u00a0\u00bb][\/et_pb_contact_field][\/et_pb_contact_form][\/et_pb_column][\/et_pb_section][et_pb_section fb_built=\u00a0\u00bb1&Prime; _builder_version=\u00a0\u00bb4.23.1&Prime; _module_preset=\u00a0\u00bbdefault\u00a0\u00bb min_height=\u00a0\u00bb151.8px\u00a0\u00bb custom_margin=\u00a0\u00bb||-91px|||\u00a0\u00bb custom_padding=\u00a0\u00bb16px||0px||false|false\u00a0\u00bb global_colors_info=\u00a0\u00bb{}\u00a0\u00bb][et_pb_row _builder_version=\u00a0\u00bb4.23.1&Prime; _module_preset=\u00a0\u00bbdefault\u00a0\u00bb min_height=\u00a0\u00bb66.8px\u00a0\u00bb custom_margin=\u00a0\u00bb-25px|auto|-24px|auto||\u00a0\u00bb global_colors_info=\u00a0\u00bb{}\u00a0\u00bb][et_pb_column type=\u00a0\u00bb4_4&Prime; _builder_version=\u00a0\u00bb4.23.1&Prime; _module_preset=\u00a0\u00bbdefault\u00a0\u00bb global_colors_info=\u00a0\u00bb{}\u00a0\u00bb][et_pb_text _builder_version=\u00a0\u00bb4.23.1&Prime; _module_preset=\u00a0\u00bbdefault\u00a0\u00bb text_text_color=\u00a0\u00bb#0A0002&Prime; text_orientation=\u00a0\u00bbcenter\u00a0\u00bb global_colors_info=\u00a0\u00bb{}\u00a0\u00bb]\u00a9 2024 SALN S.A., All rights reserved[\/et_pb_text][\/et_pb_column][\/et_pb_row][\/et_pb_section]<\/p>\n","protected":false},"excerpt":{"rendered":"<p><div class=\"et_pb_module dsm_text_divider dsm_text_divider_0 et_animated\">\n\t\t\t\t\n\t\t\t\t\n\t\t\t\t\n\t\t\t\t\n\t\t\t\t\n\t\t\t\t\n\t\t\t\t<div class=\"et_pb_module_inner\">\n\t\t\t\t\t<div class=\"dsm-text-divider-wrapper dsm-text-divider-align-center et_pb_bg_layout_light\">\n\t\t\t\t\n\t\t\t\t\n\t\t\t\t<div class=\"dsm-text-divider-before dsm-divider\"><\/div>\n\t\t\t\t<h1 class=\"dsm-text-divider-header et_pb_module_header\"><span>Qui sommes nous ?<\/span><\/h1>\n\t\t\t\t<div class=\"dsm-text-divider-after dsm-divider\"><\/div>\n\t\t\t<\/div>\n\t\t\t\t<\/div>\n\t\t\t<\/div>SALN S.A. Le programme est d\u00e9velopp\u00e9 et sera exploit\u00e9 par la Soci\u00e9t\u00e9 d\u2019Am\u00e9nagement du Littoral de Nouakchott, soci\u00e9t\u00e9 anonyme de droit mauritanien cr\u00e9\u00e9e en ao\u00fbt 2023 dans laquelle le fonds The Urban Resilience Fund, g\u00e9r\u00e9 par Meridiam en partenariat avec [&hellip;]<\/p>\n","protected":false},"author":1,"featured_media":0,"parent":0,"menu_order":0,"comment_status":"closed","ping_status":"closed","template":"","meta":{"_et_pb_use_builder":"on","_et_pb_old_content":"","_et_gb_content_width":"","footnotes":""},"class_list":["post-223823","page","type-page","status-publish","hentry"],"_links":{"self":[{"href":"https:\/\/saln.mr\/index.php\/wp-json\/wp\/v2\/pages\/223823","targetHints":{"allow":["GET"]}}],"collection":[{"href":"https:\/\/saln.mr\/index.php\/wp-json\/wp\/v2\/pages"}],"about":[{"href":"https:\/\/saln.mr\/index.php\/wp-json\/wp\/v2\/types\/page"}],"author":[{"embeddable":true,"href":"https:\/\/saln.mr\/index.php\/wp-json\/wp\/v2\/users\/1"}],"replies":[{"embeddable":true,"href":"https:\/\/saln.mr\/index.php\/wp-json\/wp\/v2\/comments?post=223823"}],"version-history":[{"count":19,"href":"https:\/\/saln.mr\/index.php\/wp-json\/wp\/v2\/pages\/223823\/revisions"}],"predecessor-version":[{"id":224502,"href":"https:\/\/saln.mr\/index.php\/wp-json\/wp\/v2\/pages\/223823\/revisions\/224502"}],"wp:attachment":[{"href":"https:\/\/saln.mr\/index.php\/wp-json\/wp\/v2\/media?parent=223823"}],"curies":[{"name":"wp","href":"https:\/\/api.w.org\/{rel}","templated":true}]}}