{"id":223945,"date":"2024-03-11T12:36:55","date_gmt":"2024-03-11T12:36:55","guid":{"rendered":"https:\/\/saln.mr\/?page_id=223945"},"modified":"2026-03-24T17:58:20","modified_gmt":"2026-03-24T17:58:20","slug":"opportunites","status":"publish","type":"page","link":"https:\/\/saln.mr\/index.php\/opportunites\/","title":{"rendered":"Opportunit\u00e9s"},"content":{"rendered":"<p>[et_pb_section fb_built=\u00a0\u00bb1&Prime; admin_label=\u00a0\u00bbAbout\u00a0\u00bb _builder_version=\u00a0\u00bb4.23.1&Prime; _module_preset=\u00a0\u00bbdefault\u00a0\u00bb transform_translate=\u00a0\u00bb0px|-22px\u00a0\u00bb custom_margin=\u00a0\u00bb-103px|||||\u00a0\u00bb custom_padding=\u00a0\u00bb78px||0px||false|false\u00a0\u00bb top_divider_color=\u00a0\u00bb#1c59a3&Prime; box_shadow_style=\u00a0\u00bbpreset1&Prime; global_colors_info=\u00a0\u00bb{}\u00a0\u00bb][et_pb_row _builder_version=\u00a0\u00bb4.23.1&Prime; _module_preset=\u00a0\u00bbdefault\u00a0\u00bb global_colors_info=\u00a0\u00bb{}\u00a0\u00bb][et_pb_column type=\u00a0\u00bb4_4&Prime; _builder_version=\u00a0\u00bb4.16&Prime; _module_preset=\u00a0\u00bbdefault\u00a0\u00bb custom_padding=\u00a0\u00bb|||\u00a0\u00bb global_colors_info=\u00a0\u00bb{}\u00a0\u00bb custom_padding__hover=\u00a0\u00bb|||\u00a0\u00bb][dsm_text_divider header=\u00a0\u00bbOpportunit\u00e9s\u00a0\u00bb color=\u00a0\u00bb#368e0e\u00a0\u00bb divider_style=\u00a0\u00bbdashed\u00a0\u00bb divider_position=\u00a0\u00bbflex-end\u00a0\u00bb _builder_version=\u00a0\u00bb4.23.1&Prime; _module_preset=\u00a0\u00bbdefault\u00a0\u00bb header_level=\u00a0\u00bbh1&Prime; header_font=\u00a0\u00bbActor||||||||\u00a0\u00bb header_text_color=\u00a0\u00bb#368e0e\u00a0\u00bb custom_padding=\u00a0\u00bb30px|||||\u00a0\u00bb animation_style=\u00a0\u00bbslide\u00a0\u00bb global_colors_info=\u00a0\u00bb{}\u00a0\u00bb][\/dsm_text_divider][et_pb_button button_text=\u00a0\u00bbPortail Partenaires\u00a0\u00bb _builder_version=\u00a0\u00bb4.23.1&Prime; _module_preset=\u00a0\u00bbdefault\u00a0\u00bb button_alignment=\u00a0\u00bbcenter\u00a0\u00bb button_url=\u00a0\u00bbhttps:\/\/saln.mr\/index.php\/portail-partenaires\/\u00a0\u00bb custom_button=\u00a0\u00bbon\u00a0\u00bb button_text_color=\u00a0\u00bb#FFFFFF\u00a0\u00bb button_bg_color=\u00a0\u00bb#1C59A3&Prime; button_bg_enable_color=\u00a0\u00bbon\u00a0\u00bb button_font=\u00a0\u00bb||||on|||RGBA(255,255,255,0)|\u00a0\u00bb hover_enabled=\u00a0\u00bb0&Prime; sticky_enabled=\u00a0\u00bb0&Prime;][\/et_pb_button][et_pb_text _builder_version=\u00a0\u00bb4.23.1&Prime; _module_preset=\u00a0\u00bbdefault\u00a0\u00bb transform_scale_tablet=\u00a0\u00bb\u00a0\u00bb transform_scale_phone=\u00a0\u00bb48%|48%\u00a0\u00bb transform_scale_last_edited=\u00a0\u00bbon|phone\u00a0\u00bb transform_translate_tablet=\u00a0\u00bb\u00a0\u00bb transform_translate_phone=\u00a0\u00bb-257px|7px\u00a0\u00bb transform_translate_last_edited=\u00a0\u00bbon|phone\u00a0\u00bb transform_rotate_tablet=\u00a0\u00bb\u00a0\u00bb transform_rotate_phone=\u00a0\u00bb\u00a0\u00bb transform_rotate_last_edited=\u00a0\u00bbon|phone\u00a0\u00bb transform_skew_tablet=\u00a0\u00bb\u00a0\u00bb transform_skew_phone=\u00a0\u00bb\u00a0\u00bb transform_skew_last_edited=\u00a0\u00bbon|phone\u00a0\u00bb transform_origin_tablet=\u00a0\u00bb\u00a0\u00bb transform_origin_phone=\u00a0\u00bb\u00a0\u00bb transform_origin_last_edited=\u00a0\u00bbon|phone\u00a0\u00bb transform_styles_last_edited=\u00a0\u00bbon|phone\u00a0\u00bb transform_styles_tablet=\u00a0\u00bb\u00a0\u00bb transform_styles_phone=\u00a0\u00bb\u00a0\u00bb module_alignment_last_edited=\u00a0\u00bboff|phone\u00a0\u00bb global_colors_info=\u00a0\u00bb{}\u00a0\u00bb]<\/p>\n<table border=\"1\" style=\"height: 250px; width: 91.8237%; border-collapse: collapse;\">\n<tbody>\n<tr style=\"height: 96px;\">\n<td style=\"width: 141.047px; text-align: center; height: 96px;\"><strong>#<\/strong><\/td>\n<td style=\"width: 129.047px; text-align: center; height: 96px;\"><strong>Nom <\/strong><strong style=\"font-family: inherit; font-size: inherit;\">du\u00a0 \u00a0 <\/strong><strong style=\"font-family: inherit; font-size: inherit;\">Document\u00a0 \u00a0 \u00a0<\/strong><\/td>\n<td style=\"width: 190.766px; text-align: center; height: 96px;\"><strong>Document<\/strong><\/td>\n<td style=\"width: 186.766px; text-align: center; height: 96px;\"><strong><span _ngcontent-serverapp-c91=\"\" apptooltip=\"\" class=\"text__translation\" dir=\"ltr\">Date de publication<\/span><\/strong><\/td>\n<td style=\"width: 206.094px; text-align: center; height: 96px;\">\n<div _ngcontent-serverapp-c91=\"\" class=\"context-result\">\n<div _ngcontent-serverapp-c91=\"\" fxlayout=\"column\" class=\"text\">\n<div _ngcontent-serverapp-c91=\"\" fxlayoutalign=\"flex-start flex-end\"><strong>Ech\u00e9ance<\/strong><\/div>\n<\/div>\n<\/div>\n<div _ngcontent-serverapp-c91=\"\" class=\"options ng-star-inserted\">\n<div _ngcontent-serverapp-c91=\"\" apptooltip=\"\" tooltiptext=\"TOPBAR.MENU.DICTIONARY\" class=\"options__button options__button_define ng-star-inserted\"><\/div>\n<\/div>\n<\/td>\n<td style=\"width: 182.328px; text-align: center; height: 96px;\"><strong><span _ngcontent-serverapp-c91=\"\" apptooltip=\"\" class=\"text__translation\" dir=\"ltr\">Fichier<\/span><\/strong><\/td>\n<\/tr>\n<tr>\n<td style=\"width: 141.047px; text-align: center;\"><strong>\u00a0<\/strong><\/td>\n<td style=\"width: 129.047px; text-align: center;\"><strong><b><i><span lang=\"FR\">ADDENDUM 1_SALN-N\u00b001T-2025<\/span><\/i><\/b><\/strong><\/td>\n<td style=\"width: 190.766px; text-align: center;\"><strong><b>\u00a0<\/b><\/strong><\/td>\n<td style=\"width: 186.766px; text-align: center;\"><strong><span _ngcontent-serverapp-c91=\"\" apptooltip=\"\" class=\"text__translation\" dir=\"ltr\">\u00a0<\/span><\/strong><\/td>\n<td style=\"width: 206.094px; text-align: center;\">\n<div _ngcontent-serverapp-c91=\"\" class=\"context-result\">\n<div _ngcontent-serverapp-c91=\"\" fxlayout=\"column\" class=\"text\">\n<div _ngcontent-serverapp-c91=\"\" fxlayoutalign=\"flex-start flex-end\"><strong>\u00a0<\/strong><\/div>\n<\/div>\n<\/div>\n<\/td>\n<td style=\"width: 182.328px; text-align: center;\"><strong><span _ngcontent-serverapp-c91=\"\" apptooltip=\"\" class=\"text__translation\" dir=\"ltr\"><a href=\"https:\/\/saln.mr\/wp-content\/uploads\/2025\/08\/25082025-AVIS-DE-REPORT-PREQUALIFICATION-Addendum-n\u00b01.pdf\" target=\"_blank\" rel=\"noopener\">download<\/a><\/span><\/strong><\/td>\n<\/tr>\n<tr>\n<td style=\"width: 141.047px; text-align: center;\"><strong>\u00a0<\/strong><\/td>\n<td style=\"width: 129.047px; text-align: center;\"><strong><b><i><span lang=\"FR\">ADDENDUM 1_PRECISION_LIDAR<\/span><\/i><\/b><\/strong><\/td>\n<td style=\"width: 190.766px; text-align: center;\"><strong><b>\u00a0<\/b><\/strong><\/td>\n<td style=\"width: 186.766px; text-align: center;\"><strong><span _ngcontent-serverapp-c91=\"\" apptooltip=\"\" class=\"text__translation\" dir=\"ltr\">\u00a0<\/span><\/strong><\/td>\n<td style=\"width: 206.094px; text-align: center;\">\n<div _ngcontent-serverapp-c91=\"\" class=\"context-result\">\n<div _ngcontent-serverapp-c91=\"\" fxlayout=\"column\" class=\"text\">\n<div _ngcontent-serverapp-c91=\"\" fxlayoutalign=\"flex-start flex-end\"><strong>\u00a0<\/strong><\/div>\n<\/div>\n<\/div>\n<\/td>\n<td style=\"width: 182.328px; text-align: center;\"><strong><span _ngcontent-serverapp-c91=\"\" apptooltip=\"\" class=\"text__translation\" dir=\"ltr\"><a href=\"https:\/\/saln.mr\/wp-content\/uploads\/2025\/07\/ADDENDUM-1_PRECISION_LIDAR.pdf\" target=\"_blank\" rel=\"noopener\">download<\/a><\/span><\/strong><\/td>\n<\/tr>\n<tr>\n<td style=\"width: 141.047px; text-align: center;\"><strong>R\u00e9f. : 01I -2025_DP_ LIDAR<\/strong><\/td>\n<td style=\"width: 129.047px; text-align: center;\"><strong><b><i><span lang=\"FR\">la r\u00e9alisation d\u2019un LIDAR sur la zone du projet<\/span><\/i><\/b><\/strong><\/td>\n<td style=\"width: 190.766px; text-align: center;\"><strong><b>DEMANDE DE PROPOSITION<\/b><\/strong><\/td>\n<td style=\"width: 186.766px; text-align: center;\"><strong><span _ngcontent-serverapp-c91=\"\" apptooltip=\"\" class=\"text__translation\" dir=\"ltr\">14 juillet 2025 <\/span><\/strong><\/td>\n<td style=\"width: 206.094px; text-align: center;\">\n<div _ngcontent-serverapp-c91=\"\" class=\"context-result\">\n<div _ngcontent-serverapp-c91=\"\" fxlayout=\"column\" class=\"text\">\n<div _ngcontent-serverapp-c91=\"\" fxlayoutalign=\"flex-start flex-end\"><strong>22 juillet 2025<br \/>\u00e0 9h00\u00a0\u00a0<\/strong><\/div>\n<\/div>\n<\/div>\n<\/td>\n<td style=\"width: 182.328px; text-align: center;\"><strong><span _ngcontent-serverapp-c91=\"\" apptooltip=\"\" class=\"text__translation\" dir=\"ltr\"><a href=\"https:\/\/saln.mr\/index.php\/224571-2\/\" target=\"_blank\" rel=\"noopener\">download<\/a><\/span><\/strong><\/td>\n<\/tr>\n<tr>\n<td style=\"width: 141.047px;\"><strong>SALN-N\u00b001T-2025<\/strong><\/td>\n<td style=\"width: 129.047px;\"><strong><b><i><span lang=\"FR\">March\u00e9 de travaux pour la r\u00e9alisation d&rsquo;un ensemble d&rsquo;ouvrages structurants\u00a0 \u00a0 pour la protection et l&rsquo;am\u00e9nagement du littoral de Nouakchott<\/span><\/i><\/b><\/strong><\/td>\n<td style=\"width: 190.766px; text-align: center;\">\n<div _ngcontent-serverapp-c91=\"\" class=\"context-result\">\n<div _ngcontent-serverapp-c91=\"\" fxlayout=\"column\" class=\"text\">\n<div _ngcontent-serverapp-c91=\"\" fxlayoutalign=\"flex-start flex-end\"><b>Avis de Pr\u00e9-qualification<\/b><\/div>\n<\/div>\n<\/div>\n<\/td>\n<td style=\"width: 186.766px; text-align: center;\">\n<div class=\"page\" title=\"Page 3\">\n<div class=\"layoutArea\">\n<div class=\"column\">\n<p><strong>11 Juillet 2025<\/strong><\/p>\n<\/div>\n<\/div>\n<\/div>\n<\/td>\n<td style=\"width: 206.094px; text-align: center;\">\n<div class=\"page\" title=\"Page 8\">\n<div class=\"layoutArea\">\n<div class=\"column\">\n<p><strong>15 Aout 2025<\/strong><\/p>\n<\/div>\n<\/div>\n<\/div>\n<\/td>\n<td style=\"width: 182.328px; text-align: center;\"><strong><a href=\"https:\/\/saln.mr\/?page_id=224547&amp;et_fb=1&amp;PageSpeed=off\" target=\"_blank\" rel=\"noopener\">download<\/a><\/strong><\/td>\n<\/tr>\n<tr style=\"height: 96px;\">\n<td style=\"width: 141.047px; height: 96px;\"><strong>SALN_P01T2024<\/strong><\/td>\n<td style=\"width: 129.047px; height: 96px;\"><strong>\u00a0<\/strong><\/td>\n<td style=\"width: 190.766px; text-align: center; height: 96px;\">\n<div _ngcontent-serverapp-c91=\"\" class=\"context-result\">\n<div _ngcontent-serverapp-c91=\"\" fxlayout=\"column\" class=\"text\">\n<div _ngcontent-serverapp-c91=\"\" fxlayoutalign=\"flex-start flex-end\"><b>DEMANDE DE PROPOSITION<\/b><\/div>\n<\/div>\n<\/div>\n<div _ngcontent-serverapp-c91=\"\" class=\"options ng-star-inserted\">\n<div _ngcontent-serverapp-c91=\"\" apptooltip=\"\" tooltiptext=\"TOPBAR.MENU.SYNONYMS\" class=\"options__button options__button_synonyms ng-star-inserted\"><\/div>\n<\/div>\n<\/td>\n<td style=\"width: 186.766px; text-align: center; height: 96px;\">\n<div class=\"page\" title=\"Page 3\">\n<div class=\"layoutArea\">\n<div class=\"column\">\n<p><strong>28\u00a0juin\u00a02024<\/strong><\/p>\n<\/div>\n<\/div>\n<\/div>\n<\/td>\n<td style=\"width: 206.094px; text-align: center; height: 96px;\">\n<div class=\"page\" title=\"Page 8\">\n<div class=\"layoutArea\">\n<div class=\"column\">\n<p><strong>Vendredi\u00a026\u00a0juillet\u00a02024 \u00e0 17h00<\/strong><\/p>\n<\/div>\n<\/div>\n<\/div>\n<\/td>\n<td style=\"width: 182.328px; text-align: center; height: 96px;\">\n<p><a href=\"https:\/\/saln.mr\/wp-content\/uploads\/2024\/07\/SALN_P01T2024-Demande-de-proposition_Travaux-damenagement-du-site-pepiniere-1.pdf\" target=\"_blank\" rel=\"noopener\"><strong>download<\/strong><\/a><br \/><span style=\"color: #000000;\"><\/span><\/p>\n<p>&nbsp;<\/p>\n<p>&nbsp;<\/p>\n<p>&nbsp;<\/p>\n<p>&nbsp;<\/p>\n<p>&nbsp;<\/p>\n<p>&nbsp;<\/p>\n<p>&nbsp;<\/p>\n<p>&nbsp;<\/p>\n<p>&nbsp;<\/p>\n<\/td>\n<\/tr>\n<\/tbody>\n<\/table>\n<blockquote type=\"cite\">\n<div id=\"v1replybody1\">\n<div lang=\"EN-US\">\n<div class=\"v1v1WordSection1\"><\/div>\n<\/div>\n<\/div>\n<\/blockquote>\n<p>[\/et_pb_text][\/et_pb_column][\/et_pb_row][\/et_pb_section][et_pb_section fb_built=\u00a0\u00bb1&Prime; specialty=\u00a0\u00bbon\u00a0\u00bb padding_right_2=\u00a0\u00bb10%\u00a0\u00bb padding_2_tablet=\u00a0\u00bb|10%||10%||true\u00a0\u00bb padding_2_phone=\u00a0\u00bb\u00a0\u00bb padding_2_last_edited=\u00a0\u00bbon|tablet\u00a0\u00bb admin_label=\u00a0\u00bbFooter\u00a0\u00bb _builder_version=\u00a0\u00bb4.23.1&Prime; _module_preset=\u00a0\u00bbdefault\u00a0\u00bb background_color=\u00a0\u00bbrgba(45,45,45,0.57)\u00a0\u00bb background_image=\u00a0\u00bbhttps:\/\/saln.mr\/wp-content\/uploads\/2024\/02\/IMG_1651-scaled-1.jpg\u00a0\u00bb inner_width=\u00a0\u00bb100%\u00a0\u00bb inner_max_width=\u00a0\u00bb100%\u00a0\u00bb custom_margin=\u00a0\u00bb0px|||\u00a0\u00bb custom_padding=\u00a0\u00bb0px|0px|0px|0px|false|false\u00a0\u00bb use_custom_width=\u00a0\u00bbon\u00a0\u00bb width_unit=\u00a0\u00bboff\u00a0\u00bb custom_width_percent=\u00a0\u00bb100%\u00a0\u00bb saved_tabs=\u00a0\u00bball\u00a0\u00bb global_colors_info=\u00a0\u00bb{}\u00a0\u00bb][et_pb_column type=\u00a0\u00bb1_2&Prime; specialty_columns=\u00a0\u00bb2&Prime; _builder_version=\u00a0\u00bb4.16&Prime; _module_preset=\u00a0\u00bbdefault\u00a0\u00bb custom_padding=\u00a0\u00bb|||\u00a0\u00bb global_colors_info=\u00a0\u00bb{}\u00a0\u00bb custom_padding__hover=\u00a0\u00bb|||\u00a0\u00bb][et_pb_row_inner column_structure=\u00a0\u00bb1_2,1_2&Prime; custom_padding_last_edited=\u00a0\u00bbon|tablet\u00a0\u00bb _builder_version=\u00a0\u00bb4.23.1&Prime; _module_preset=\u00a0\u00bbdefault\u00a0\u00bb background_color=\u00a0\u00bbrgba(28,89,163,0.48)\u00a0\u00bb transform_translate=\u00a0\u00bb16px|102px\u00a0\u00bb custom_margin=\u00a0\u00bb-3px||-32px|||\u00a0\u00bb custom_padding=\u00a0\u00bb5px|10%|5px|20%|true|false\u00a0\u00bb custom_padding_tablet=\u00a0\u00bb|10%||10%||true\u00a0\u00bb custom_padding_phone=\u00a0\u00bb\u00a0\u00bb animation_direction=\u00a0\u00bbleft\u00a0\u00bb global_colors_info=\u00a0\u00bb{}\u00a0\u00bb][et_pb_column_inner type=\u00a0\u00bb1_2&Prime; saved_specialty_column_type=\u00a0\u00bb1_2&Prime; _builder_version=\u00a0\u00bb4.16&Prime; _module_preset=\u00a0\u00bbdefault\u00a0\u00bb custom_padding=\u00a0\u00bb|||\u00a0\u00bb global_colors_info=\u00a0\u00bb{}\u00a0\u00bb custom_padding__hover=\u00a0\u00bb|||\u00a0\u00bb][et_pb_code _builder_version=\u00a0\u00bb4.16&Prime; _module_preset=\u00a0\u00bbdefault\u00a0\u00bb global_colors_info=\u00a0\u00bb{}\u00a0\u00bb][\/et_pb_code][\/et_pb_column_inner][et_pb_column_inner type=\u00a0\u00bb1_2&Prime; saved_specialty_column_type=\u00a0\u00bb1_2&Prime; _builder_version=\u00a0\u00bb4.16&Prime; _module_preset=\u00a0\u00bbdefault\u00a0\u00bb custom_padding=\u00a0\u00bb|||\u00a0\u00bb global_colors_info=\u00a0\u00bb{}\u00a0\u00bb custom_padding__hover=\u00a0\u00bb|||\u00a0\u00bb][et_pb_text _builder_version=\u00a0\u00bb4.16&Prime; _module_preset=\u00a0\u00bbdefault\u00a0\u00bb text_font=\u00a0\u00bb|700|||||||\u00a0\u00bb text_text_color=\u00a0\u00bb#ffffff\u00a0\u00bb text_line_height=\u00a0\u00bb2em\u00a0\u00bb link_font=\u00a0\u00bb||||||||\u00a0\u00bb link_text_color=\u00a0\u00bb#ffffff\u00a0\u00bb header_font=\u00a0\u00bb||||||||\u00a0\u00bb header_5_font=\u00a0\u00bbOswald|||on|||||\u00a0\u00bb header_5_text_color=\u00a0\u00bbrgba(255,255,255,0.4)\u00a0\u00bb header_5_letter_spacing=\u00a0\u00bb2px\u00a0\u00bb header_5_line_height=\u00a0\u00bb1.4em\u00a0\u00bb background_layout=\u00a0\u00bbdark\u00a0\u00bb locked=\u00a0\u00bboff\u00a0\u00bb global_colors_info=\u00a0\u00bb{}\u00a0\u00bb]<\/p>\n<h5>Notre bureau<\/h5>\n<h4><\/h4>\n<h4>136 Il\u00f4t K, Tevragh Zeina<br \/>Nouakchott, Mauritanie<\/h4>\n<h4><\/h4>\n<p>[\/et_pb_text][\/et_pb_column_inner][\/et_pb_row_inner][\/et_pb_column][et_pb_column type=\u00a0\u00bb1_2&Prime; _builder_version=\u00a0\u00bb4.16&Prime; _module_preset=\u00a0\u00bbdefault\u00a0\u00bb custom_padding=\u00a0\u00bb|||\u00a0\u00bb global_colors_info=\u00a0\u00bb{}\u00a0\u00bb padding_tablet=\u00a0\u00bb|10%||10%||true\u00a0\u00bb padding_last_edited=\u00a0\u00bbon|tablet\u00a0\u00bb custom_padding__hover=\u00a0\u00bb|||\u00a0\u00bb padding_phone=\u00a0\u00bb|10%||10%||true\u00a0\u00bb][et_pb_contact_form captcha=\u00a0\u00bboff\u00a0\u00bb email=\u00a0\u00bbinfo@saln.mr\u00a0\u00bb title=\u00a0\u00bbEnvoyez-nous un email\u00a0\u00bb success_message=\u00a0\u00bbvotre mail a bien \u00e9t\u00e9 envoy\u00e9. Merci!\u00a0\u00bb submit_button_text=\u00a0\u00bbEnvoyer\u00a0\u00bb module_id=\u00a0\u00bbet_pb_contact_form_1&Prime; _builder_version=\u00a0\u00bb4.23.1&Prime; _module_preset=\u00a0\u00bbdefault\u00a0\u00bb form_field_background_color=\u00a0\u00bbrgba(255,255,255,0.12)\u00a0\u00bb form_field_text_color=\u00a0\u00bb#FFFFFF\u00a0\u00bb form_field_focus_background_color=\u00a0\u00bb#0C71C3&Prime; form_field_focus_text_color=\u00a0\u00bb#FFFFFF\u00a0\u00bb title_level=\u00a0\u00bbh2&Prime; title_font=\u00a0\u00bbOswald|500|||||||\u00a0\u00bb title_text_color=\u00a0\u00bb#FFFFFF\u00a0\u00bb title_font_size=\u00a0\u00bb46px\u00a0\u00bb title_line_height=\u00a0\u00bb1.4em\u00a0\u00bb form_field_font=\u00a0\u00bb||||||||\u00a0\u00bb form_field_font_size=\u00a0\u00bb15px\u00a0\u00bb form_field_line_height=\u00a0\u00bb1.9em\u00a0\u00bb custom_button=\u00a0\u00bbon\u00a0\u00bb button_text_size=\u00a0\u00bb16px\u00a0\u00bb button_text_color=\u00a0\u00bb#FFFFFF\u00a0\u00bb button_bg_color=\u00a0\u00bb#FFD500&Prime; button_border_width=\u00a0\u00bb8px\u00a0\u00bb button_border_color=\u00a0\u00bbrgba(0,0,0,0)\u00a0\u00bb button_border_radius=\u00a0\u00bb0px\u00a0\u00bb button_letter_spacing=\u00a0\u00bb3px\u00a0\u00bb button_font=\u00a0\u00bbMontserrat|||on|||||\u00a0\u00bb button_use_icon=\u00a0\u00bboff\u00a0\u00bb transform_scale=\u00a0\u00bb82%|82%\u00a0\u00bb transform_scale_tablet=\u00a0\u00bb82%|82%\u00a0\u00bb transform_scale_phone=\u00a0\u00bb64%|64%\u00a0\u00bb transform_scale_last_edited=\u00a0\u00bbon|phone\u00a0\u00bb transform_translate_tablet=\u00a0\u00bb\u00a0\u00bb transform_translate_phone=\u00a0\u00bb11px|70px\u00a0\u00bb transform_translate_last_edited=\u00a0\u00bbon|phone\u00a0\u00bb transform_rotate_tablet=\u00a0\u00bb\u00a0\u00bb transform_rotate_phone=\u00a0\u00bb\u00a0\u00bb transform_rotate_last_edited=\u00a0\u00bbon|phone\u00a0\u00bb transform_skew_tablet=\u00a0\u00bb\u00a0\u00bb transform_skew_phone=\u00a0\u00bb\u00a0\u00bb transform_skew_last_edited=\u00a0\u00bbon|phone\u00a0\u00bb transform_origin_tablet=\u00a0\u00bb\u00a0\u00bb transform_origin_phone=\u00a0\u00bb\u00a0\u00bb transform_origin_last_edited=\u00a0\u00bbon|phone\u00a0\u00bb transform_styles_last_edited=\u00a0\u00bbon|phone\u00a0\u00bb custom_margin=\u00a0\u00bb-12px||-54px|||\u00a0\u00bb custom_padding=\u00a0\u00bb0px|||||\u00a0\u00bb title_font_size_tablet=\u00a0\u00bb46px\u00a0\u00bb title_font_size_phone=\u00a0\u00bb36px\u00a0\u00bb title_font_size_last_edited=\u00a0\u00bbon|phone\u00a0\u00bb transform_styles_tablet=\u00a0\u00bb\u00a0\u00bb transform_styles_phone=\u00a0\u00bb\u00a0\u00bb form_background_color=\u00a0\u00bbrgba(255,255,255,0.12)\u00a0\u00bb global_colors_info=\u00a0\u00bb{}\u00a0\u00bb][et_pb_contact_field field_id=\u00a0\u00bbName\u00a0\u00bb field_title=\u00a0\u00bbNom\u00a0\u00bb _builder_version=\u00a0\u00bb4.16&Prime; _module_preset=\u00a0\u00bbdefault\u00a0\u00bb global_colors_info=\u00a0\u00bb{}\u00a0\u00bb button_text_size__hover_enabled=\u00a0\u00bboff\u00a0\u00bb button_one_text_size__hover_enabled=\u00a0\u00bboff\u00a0\u00bb button_two_text_size__hover_enabled=\u00a0\u00bboff\u00a0\u00bb button_text_color__hover_enabled=\u00a0\u00bboff\u00a0\u00bb button_one_text_color__hover_enabled=\u00a0\u00bboff\u00a0\u00bb button_two_text_color__hover_enabled=\u00a0\u00bboff\u00a0\u00bb button_border_width__hover_enabled=\u00a0\u00bboff\u00a0\u00bb button_one_border_width__hover_enabled=\u00a0\u00bboff\u00a0\u00bb button_two_border_width__hover_enabled=\u00a0\u00bboff\u00a0\u00bb button_border_color__hover_enabled=\u00a0\u00bboff\u00a0\u00bb button_one_border_color__hover_enabled=\u00a0\u00bboff\u00a0\u00bb button_two_border_color__hover_enabled=\u00a0\u00bboff\u00a0\u00bb button_border_radius__hover_enabled=\u00a0\u00bboff\u00a0\u00bb button_one_border_radius__hover_enabled=\u00a0\u00bboff\u00a0\u00bb button_two_border_radius__hover_enabled=\u00a0\u00bboff\u00a0\u00bb button_letter_spacing__hover_enabled=\u00a0\u00bboff\u00a0\u00bb button_one_letter_spacing__hover_enabled=\u00a0\u00bboff\u00a0\u00bb button_two_letter_spacing__hover_enabled=\u00a0\u00bboff\u00a0\u00bb button_bg_color__hover_enabled=\u00a0\u00bboff\u00a0\u00bb button_one_bg_color__hover_enabled=\u00a0\u00bboff\u00a0\u00bb button_two_bg_color__hover_enabled=\u00a0\u00bboff\u00a0\u00bb][\/et_pb_contact_field][et_pb_contact_field field_id=\u00a0\u00bbEmail\u00a0\u00bb field_title=\u00a0\u00bbAdresse mail\u00a0\u00bb field_type=\u00a0\u00bbemail\u00a0\u00bb _builder_version=\u00a0\u00bb4.16&Prime; _module_preset=\u00a0\u00bbdefault\u00a0\u00bb global_colors_info=\u00a0\u00bb{}\u00a0\u00bb button_text_size__hover_enabled=\u00a0\u00bboff\u00a0\u00bb button_one_text_size__hover_enabled=\u00a0\u00bboff\u00a0\u00bb button_two_text_size__hover_enabled=\u00a0\u00bboff\u00a0\u00bb button_text_color__hover_enabled=\u00a0\u00bboff\u00a0\u00bb button_one_text_color__hover_enabled=\u00a0\u00bboff\u00a0\u00bb button_two_text_color__hover_enabled=\u00a0\u00bboff\u00a0\u00bb button_border_width__hover_enabled=\u00a0\u00bboff\u00a0\u00bb button_one_border_width__hover_enabled=\u00a0\u00bboff\u00a0\u00bb button_two_border_width__hover_enabled=\u00a0\u00bboff\u00a0\u00bb button_border_color__hover_enabled=\u00a0\u00bboff\u00a0\u00bb button_one_border_color__hover_enabled=\u00a0\u00bboff\u00a0\u00bb button_two_border_color__hover_enabled=\u00a0\u00bboff\u00a0\u00bb button_border_radius__hover_enabled=\u00a0\u00bboff\u00a0\u00bb button_one_border_radius__hover_enabled=\u00a0\u00bboff\u00a0\u00bb button_two_border_radius__hover_enabled=\u00a0\u00bboff\u00a0\u00bb button_letter_spacing__hover_enabled=\u00a0\u00bboff\u00a0\u00bb button_one_letter_spacing__hover_enabled=\u00a0\u00bboff\u00a0\u00bb button_two_letter_spacing__hover_enabled=\u00a0\u00bboff\u00a0\u00bb button_bg_color__hover_enabled=\u00a0\u00bboff\u00a0\u00bb button_one_bg_color__hover_enabled=\u00a0\u00bboff\u00a0\u00bb button_two_bg_color__hover_enabled=\u00a0\u00bboff\u00a0\u00bb][\/et_pb_contact_field][et_pb_contact_field field_id=\u00a0\u00bbMessage\u00a0\u00bb field_title=\u00a0\u00bbVotre message\u00a0\u00bb field_type=\u00a0\u00bbtext\u00a0\u00bb fullwidth_field=\u00a0\u00bbon\u00a0\u00bb _builder_version=\u00a0\u00bb4.16&Prime; _module_preset=\u00a0\u00bbdefault\u00a0\u00bb global_colors_info=\u00a0\u00bb{}\u00a0\u00bb button_text_size__hover_enabled=\u00a0\u00bboff\u00a0\u00bb button_one_text_size__hover_enabled=\u00a0\u00bboff\u00a0\u00bb button_two_text_size__hover_enabled=\u00a0\u00bboff\u00a0\u00bb button_text_color__hover_enabled=\u00a0\u00bboff\u00a0\u00bb button_one_text_color__hover_enabled=\u00a0\u00bboff\u00a0\u00bb button_two_text_color__hover_enabled=\u00a0\u00bboff\u00a0\u00bb button_border_width__hover_enabled=\u00a0\u00bboff\u00a0\u00bb button_one_border_width__hover_enabled=\u00a0\u00bboff\u00a0\u00bb button_two_border_width__hover_enabled=\u00a0\u00bboff\u00a0\u00bb button_border_color__hover_enabled=\u00a0\u00bboff\u00a0\u00bb button_one_border_color__hover_enabled=\u00a0\u00bboff\u00a0\u00bb button_two_border_color__hover_enabled=\u00a0\u00bboff\u00a0\u00bb button_border_radius__hover_enabled=\u00a0\u00bboff\u00a0\u00bb button_one_border_radius__hover_enabled=\u00a0\u00bboff\u00a0\u00bb button_two_border_radius__hover_enabled=\u00a0\u00bboff\u00a0\u00bb button_letter_spacing__hover_enabled=\u00a0\u00bboff\u00a0\u00bb button_one_letter_spacing__hover_enabled=\u00a0\u00bboff\u00a0\u00bb button_two_letter_spacing__hover_enabled=\u00a0\u00bboff\u00a0\u00bb button_bg_color__hover_enabled=\u00a0\u00bboff\u00a0\u00bb button_one_bg_color__hover_enabled=\u00a0\u00bboff\u00a0\u00bb button_two_bg_color__hover_enabled=\u00a0\u00bboff\u00a0\u00bb][\/et_pb_contact_field][\/et_pb_contact_form][\/et_pb_column][\/et_pb_section][et_pb_section fb_built=\u00a0\u00bb1&Prime; _builder_version=\u00a0\u00bb4.23.1&Prime; _module_preset=\u00a0\u00bbdefault\u00a0\u00bb min_height=\u00a0\u00bb151.8px\u00a0\u00bb custom_margin=\u00a0\u00bb||-93px|||\u00a0\u00bb custom_padding=\u00a0\u00bb16px||0px||false|false\u00a0\u00bb global_colors_info=\u00a0\u00bb{}\u00a0\u00bb][et_pb_row _builder_version=\u00a0\u00bb4.23.1&Prime; _module_preset=\u00a0\u00bbdefault\u00a0\u00bb min_height=\u00a0\u00bb66.8px\u00a0\u00bb custom_margin=\u00a0\u00bb-25px|auto|-24px|auto||\u00a0\u00bb global_colors_info=\u00a0\u00bb{}\u00a0\u00bb][et_pb_column type=\u00a0\u00bb4_4&Prime; _builder_version=\u00a0\u00bb4.23.1&Prime; _module_preset=\u00a0\u00bbdefault\u00a0\u00bb global_colors_info=\u00a0\u00bb{}\u00a0\u00bb][et_pb_text _builder_version=\u00a0\u00bb4.23.1&Prime; _module_preset=\u00a0\u00bbdefault\u00a0\u00bb text_text_color=\u00a0\u00bb#0A0002&Prime; text_orientation=\u00a0\u00bbcenter\u00a0\u00bb global_colors_info=\u00a0\u00bb{}\u00a0\u00bb]\u00a9 2024 SALN S.A., All rights reserved[\/et_pb_text][\/et_pb_column][\/et_pb_row][\/et_pb_section]<\/p>\n","protected":false},"excerpt":{"rendered":"<p><div class=\"et_pb_module dsm_text_divider dsm_text_divider_0 et_animated\">\n\t\t\t\t\n\t\t\t\t\n\t\t\t\t\n\t\t\t\t\n\t\t\t\t\n\t\t\t\t\n\t\t\t\t<div class=\"et_pb_module_inner\">\n\t\t\t\t\t<div class=\"dsm-text-divider-wrapper dsm-text-divider-align-center et_pb_bg_layout_light\">\n\t\t\t\t\n\t\t\t\t\n\t\t\t\t<div class=\"dsm-text-divider-before dsm-divider\"><\/div>\n\t\t\t\t<h1 class=\"dsm-text-divider-header et_pb_module_header\"><span>Opportunit\u00e9s<\/span><\/h1>\n\t\t\t\t<div class=\"dsm-text-divider-after dsm-divider\"><\/div>\n\t\t\t<\/div>\n\t\t\t\t<\/div>\n\t\t\t<\/div> # Nom du\u00a0 \u00a0 Document\u00a0 \u00a0 \u00a0 Document Date de publication Ech\u00e9ance Fichier \u00a0 ADDENDUM 1_SALN-N\u00b001T-2025 \u00a0 \u00a0 \u00a0 download \u00a0 ADDENDUM 1_PRECISION_LIDAR \u00a0 \u00a0 \u00a0 download R\u00e9f. : 01I -2025_DP_ LIDAR la r\u00e9alisation d\u2019un LIDAR sur la zone du projet DEMANDE [&hellip;]<\/p>\n","protected":false},"author":1,"featured_media":0,"parent":0,"menu_order":0,"comment_status":"closed","ping_status":"closed","template":"","meta":{"_et_pb_use_builder":"on","_et_pb_old_content":"","_et_gb_content_width":"","footnotes":""},"class_list":["post-223945","page","type-page","status-publish","hentry"],"_links":{"self":[{"href":"https:\/\/saln.mr\/index.php\/wp-json\/wp\/v2\/pages\/223945","targetHints":{"allow":["GET"]}}],"collection":[{"href":"https:\/\/saln.mr\/index.php\/wp-json\/wp\/v2\/pages"}],"about":[{"href":"https:\/\/saln.mr\/index.php\/wp-json\/wp\/v2\/types\/page"}],"author":[{"embeddable":true,"href":"https:\/\/saln.mr\/index.php\/wp-json\/wp\/v2\/users\/1"}],"replies":[{"embeddable":true,"href":"https:\/\/saln.mr\/index.php\/wp-json\/wp\/v2\/comments?post=223945"}],"version-history":[{"count":29,"href":"https:\/\/saln.mr\/index.php\/wp-json\/wp\/v2\/pages\/223945\/revisions"}],"predecessor-version":[{"id":224963,"href":"https:\/\/saln.mr\/index.php\/wp-json\/wp\/v2\/pages\/223945\/revisions\/224963"}],"wp:attachment":[{"href":"https:\/\/saln.mr\/index.php\/wp-json\/wp\/v2\/media?parent=223945"}],"curies":[{"name":"wp","href":"https:\/\/api.w.org\/{rel}","templated":true}]}}